{"id":6706,"date":"2022-11-23T15:48:50","date_gmt":"2022-11-23T15:48:50","guid":{"rendered":"https:\/\/gaetana.host3d.ro\/?page_id=6706"},"modified":"2024-06-17T08:06:52","modified_gmt":"2024-06-17T08:06:52","slug":"despre-noi","status":"publish","type":"page","link":"https:\/\/gaetana.ro\/en\/despre-noi\/","title":{"rendered":"About us"},"content":{"rendered":"<div data-elementor-type=\"wp-page\" data-elementor-id=\"6706\" class=\"elementor elementor-6706\">\n\t\t\t\t\t\t\t\t\t<section class=\"elementor-section elementor-top-section elementor-element elementor-element-61f1cdd pt-section-content-fullwidth pt-parallax-on-scroll pt_scroll_y_180 elementor-section-boxed elementor-section-height-default elementor-section-height-default\" data-id=\"61f1cdd\" data-element_type=\"section\" data-settings=\"{&quot;background_background&quot;:&quot;classic&quot;}\" data-pt-parallax-y=\"180\" style=\"background-image: none;\" data-pt-background-image=\"https:\/\/gaetana.ro\/wp-content\/uploads\/2022\/07\/Salsiccia-cu-piure-de-cartofi-scaled-1.jpg\">\n\t\t\t\t\t\t\t<div class=\"elementor-background-overlay\"><\/div>\n\t\t\t\t\t\t\t<div class=\"elementor-container elementor-column-gap-no\">\n\t\t\t\t\t<div class=\"elementor-column elementor-col-100 elementor-top-column elementor-element elementor-element-1357631 dark-color\" data-id=\"1357631\" data-element_type=\"column\">\n\t\t\t<div class=\"elementor-widget-wrap elementor-element-populated\">\n\t\t\t\t\t\t\t\t<div class=\"elementor-element elementor-element-3de8869 elementor-widget elementor-widget-pt_title\" data-id=\"3de8869\" data-element_type=\"widget\" data-widget_type=\"pt_title.default\">\n\t\t\t\t<div class=\"elementor-widget-container\">\n\t\t\t\n        <div class=\"pt-title-wrap text-center\">\t            <div class=\"pt-subtitle-wrap\"><span class=\"pt-subtitle style-bordered\">Gaetana<\/span><\/div>\t            <h1 class=\"pt-title color-white\">\n\t                About us\t            <\/h1>        <\/div>\t\t<\/div>\n\t\t\t\t<\/div>\n\t\t\t\t\t<\/div>\n\t\t<\/div>\n\t\t\t\t\t\t\t<\/div>\n\t\t<\/section>\n\t\t\t\t<section class=\"elementor-section elementor-top-section elementor-element elementor-element-74b5d13 elementor-section-boxed elementor-section-height-default elementor-section-height-default\" data-id=\"74b5d13\" data-element_type=\"section\" data-settings=\"{&quot;background_background&quot;:&quot;classic&quot;}\">\n\t\t\t\t\t\t<div class=\"elementor-container elementor-column-gap-no\">\n\t\t\t\t\t<div class=\"elementor-column elementor-col-50 elementor-top-column elementor-element elementor-element-f2d260a dark-color\" data-id=\"f2d260a\" data-element_type=\"column\">\n\t\t\t<div class=\"elementor-widget-wrap elementor-element-populated\">\n\t\t\t\t\t\t\t\t<div class=\"elementor-element elementor-element-8bd99a1 elementor-widget elementor-widget-pt_title\" data-id=\"8bd99a1\" data-element_type=\"widget\" data-widget_type=\"pt_title.default\">\n\t\t\t\t<div class=\"elementor-widget-container\">\n\t\t\t\n        <div class=\"pt-title-wrap\">\t            <div class=\"pt-subtitle-wrap\"><span class=\"pt-subtitle style-bordered\">Gaetana<\/span><\/div>\t            <h5 class=\"pt-title color-white\">\n\t                Inspiration\t            <\/h5>\t            <div class=\"pt-title-text\">\n\t                <p>With about 21,000 inhabitants, located between Rome and Naples, the city of Gaeta surprises with the beauty of a specific Italian bay, where seafood has a different flavor when you feel the breeze of the Tyrrhenian Sea.\u00a0<\/p><p>The first manuscript in which the word \"pizza\" was mentioned was found in Gaeta and dates from the year 997. So, what name could we give to a restaurant that wanted to be dedicated to the best pizza in the vicinity, if not <em>Gaetana?! <\/em>And because we wanted to offer a complete experience, we added recipes to the menu to end up with a restaurant with authentic Italian specifics.<\/p>\t            <\/div>        <\/div>\t\t<\/div>\n\t\t\t\t<\/div>\n\t\t\t\t\t<\/div>\n\t\t<\/div>\n\t\t\t\t<div class=\"elementor-column elementor-col-50 elementor-top-column elementor-element elementor-element-24ebdeb\" data-id=\"24ebdeb\" data-element_type=\"column\">\n\t\t\t<div class=\"elementor-widget-wrap elementor-element-populated\">\n\t\t\t\t\t\t\t\t<section class=\"elementor-section elementor-inner-section elementor-element elementor-element-dca8d4e elementor-section-boxed elementor-section-height-default elementor-section-height-default\" data-id=\"dca8d4e\" data-element_type=\"section\">\n\t\t\t\t\t\t<div class=\"elementor-container elementor-column-gap-no\">\n\t\t\t\t\t<div class=\"elementor-column elementor-col-50 elementor-inner-column elementor-element elementor-element-635b213\" data-id=\"635b213\" data-element_type=\"column\">\n\t\t\t<div class=\"elementor-widget-wrap elementor-element-populated\">\n\t\t\t\t\t\t\t\t<div class=\"elementor-element elementor-element-e1bad2b animated-fast pt-animation-medium-offset elementor-invisible elementor-widget elementor-widget-image\" data-id=\"e1bad2b\" data-element_type=\"widget\" data-settings=\"{&quot;_animation&quot;:&quot;fadeInUp&quot;,&quot;_animation_delay&quot;:100}\" data-widget_type=\"image.default\">\n\t\t\t\t<div class=\"elementor-widget-container\">\n\t\t\t<style>\/*! elementor - v3.8.1 - 13-11-2022 *\/\n.elementor-widget-image{text-align:center}.elementor-widget-image a{display:inline-block}.elementor-widget-image a img[src$=\".svg\"]{width:48px}.elementor-widget-image img{vertical-align:middle;display:inline-block}<\/style>\t\t\t\t\t\t\t\t\t\t\t\t<img decoding=\"async\" src=\"https:\/\/gaetana.ro\/wp-content\/uploads\/2023\/01\/Gaeta_view.jpg\" title=\"Gaeta_view\" alt=\"Gaeta_view\" \/>\t\t\t\t\t\t\t\t\t\t\t\t\t\t\t<\/div>\n\t\t\t\t<\/div>\n\t\t\t\t\t<\/div>\n\t\t<\/div>\n\t\t\t\t<div class=\"elementor-column elementor-col-50 elementor-inner-column elementor-element elementor-element-72f337e\" data-id=\"72f337e\" data-element_type=\"column\">\n\t\t\t<div class=\"elementor-widget-wrap elementor-element-populated\">\n\t\t\t\t\t\t\t\t<div class=\"elementor-element elementor-element-d3df8e8 animated-fast pt-animation-medium-offset elementor-invisible elementor-widget elementor-widget-image\" data-id=\"d3df8e8\" data-element_type=\"widget\" data-settings=\"{&quot;_animation&quot;:&quot;fadeInUp&quot;,&quot;_animation_delay&quot;:300}\" data-widget_type=\"image.default\">\n\t\t\t\t<div class=\"elementor-widget-container\">\n\t\t\t\t\t\t\t\t\t\t\t\t\t\t\t<img decoding=\"async\" src=\"https:\/\/gaetana.ro\/wp-content\/uploads\/2023\/01\/Gaeta_harta.jpg\" title=\"Gaeta_harta\" alt=\"Gaeta_harta\" \/>\t\t\t\t\t\t\t\t\t\t\t\t\t\t\t<\/div>\n\t\t\t\t<\/div>\n\t\t\t\t\t<\/div>\n\t\t<\/div>\n\t\t\t\t\t\t\t<\/div>\n\t\t<\/section>\n\t\t\t\t\t<\/div>\n\t\t<\/div>\n\t\t\t\t\t\t\t<\/div>\n\t\t<\/section>\n\t\t\t\t<section class=\"elementor-section elementor-top-section elementor-element elementor-element-1417b4a elementor-reverse-tablet elementor-reverse-mobile elementor-section-boxed elementor-section-height-default elementor-section-height-default\" data-id=\"1417b4a\" data-element_type=\"section\" data-settings=\"{&quot;background_background&quot;:&quot;classic&quot;}\">\n\t\t\t\t\t\t<div class=\"elementor-container elementor-column-gap-no\">\n\t\t\t\t\t<div class=\"elementor-column elementor-col-50 elementor-top-column elementor-element elementor-element-abdd6bb\" data-id=\"abdd6bb\" data-element_type=\"column\">\n\t\t\t<div class=\"elementor-widget-wrap elementor-element-populated\">\n\t\t\t\t\t\t\t\t<section class=\"elementor-section elementor-inner-section elementor-element elementor-element-a505ca6 elementor-section-content-middle elementor-reverse-mobile elementor-section-boxed elementor-section-height-default elementor-section-height-default\" data-id=\"a505ca6\" data-element_type=\"section\">\n\t\t\t\t\t\t<div class=\"elementor-container elementor-column-gap-no\">\n\t\t\t\t\t<div class=\"elementor-column elementor-col-50 elementor-inner-column elementor-element elementor-element-2ad4dbf\" data-id=\"2ad4dbf\" data-element_type=\"column\">\n\t\t\t<div class=\"elementor-widget-wrap elementor-element-populated\">\n\t\t\t\t\t\t\t\t<div class=\"elementor-element elementor-element-8746fa1 animated-fast pt-animation-medium-offset elementor-invisible elementor-widget elementor-widget-image\" data-id=\"8746fa1\" data-element_type=\"widget\" data-settings=\"{&quot;_animation&quot;:&quot;fadeInUp&quot;,&quot;_animation_delay&quot;:100}\" data-widget_type=\"image.default\">\n\t\t\t\t<div class=\"elementor-widget-container\">\n\t\t\t\t\t\t\t\t\t\t\t\t\t\t\t<img decoding=\"async\" width=\"1500\" height=\"2250\" src=\"https:\/\/gaetana.ro\/wp-content\/uploads\/2023\/01\/DSC07614.jpg\" class=\"attachment-full size-full\" alt=\"\" srcset=\"https:\/\/gaetana.ro\/wp-content\/uploads\/2023\/01\/DSC07614.jpg 1500w, https:\/\/gaetana.ro\/wp-content\/uploads\/2023\/01\/DSC07614-200x300.jpg 200w, https:\/\/gaetana.ro\/wp-content\/uploads\/2023\/01\/DSC07614-683x1024.jpg 683w, https:\/\/gaetana.ro\/wp-content\/uploads\/2023\/01\/DSC07614-768x1152.jpg 768w, https:\/\/gaetana.ro\/wp-content\/uploads\/2023\/01\/DSC07614-1024x1536.jpg 1024w, https:\/\/gaetana.ro\/wp-content\/uploads\/2023\/01\/DSC07614-1365x2048.jpg 1365w, https:\/\/gaetana.ro\/wp-content\/uploads\/2023\/01\/DSC07614-8x12.jpg 8w, https:\/\/gaetana.ro\/wp-content\/uploads\/2023\/01\/DSC07614-1440x2160.jpg 1440w, https:\/\/gaetana.ro\/wp-content\/uploads\/2023\/01\/DSC07614-1200x1800.jpg 1200w, https:\/\/gaetana.ro\/wp-content\/uploads\/2023\/01\/DSC07614-780x1170.jpg 780w, https:\/\/gaetana.ro\/wp-content\/uploads\/2023\/01\/DSC07614-600x900.jpg 600w, https:\/\/gaetana.ro\/wp-content\/uploads\/2023\/01\/DSC07614-550x825.jpg 550w, https:\/\/gaetana.ro\/wp-content\/uploads\/2023\/01\/DSC07614-370x555.jpg 370w, https:\/\/gaetana.ro\/wp-content\/uploads\/2023\/01\/DSC07614-255x383.jpg 255w, https:\/\/gaetana.ro\/wp-content\/uploads\/2023\/01\/DSC07614-100x150.jpg 100w\" sizes=\"(max-width: 1500px) 100vw, 1500px\" \/>\t\t\t\t\t\t\t\t\t\t\t\t\t\t\t<\/div>\n\t\t\t\t<\/div>\n\t\t\t\t\t<\/div>\n\t\t<\/div>\n\t\t\t\t<div class=\"elementor-column elementor-col-50 elementor-inner-column elementor-element elementor-element-85c5225\" data-id=\"85c5225\" data-element_type=\"column\">\n\t\t\t<div class=\"elementor-widget-wrap elementor-element-populated\">\n\t\t\t\t\t\t\t\t<div class=\"elementor-element elementor-element-0ed90c1 animated-fast pt-animation-medium-offset elementor-invisible elementor-widget elementor-widget-image\" data-id=\"0ed90c1\" data-element_type=\"widget\" data-settings=\"{&quot;_animation&quot;:&quot;fadeInUp&quot;,&quot;_animation_delay&quot;:300}\" data-widget_type=\"image.default\">\n\t\t\t\t<div class=\"elementor-widget-container\">\n\t\t\t\t\t\t\t\t\t\t\t\t\t\t\t<img decoding=\"async\" src=\"https:\/\/gaetana.ro\/wp-content\/uploads\/2022\/07\/Gaetana2-scaled-1.jpg\" title=\"Gaetana2\" alt=\"Gaetana2\" \/>\t\t\t\t\t\t\t\t\t\t\t\t\t\t\t<\/div>\n\t\t\t\t<\/div>\n\t\t\t\t\t<\/div>\n\t\t<\/div>\n\t\t\t\t\t\t\t<\/div>\n\t\t<\/section>\n\t\t\t\t\t<\/div>\n\t\t<\/div>\n\t\t\t\t<div class=\"elementor-column elementor-col-50 elementor-top-column elementor-element elementor-element-e9e5d28 dark-color\" data-id=\"e9e5d28\" data-element_type=\"column\">\n\t\t\t<div class=\"elementor-widget-wrap elementor-element-populated\">\n\t\t\t\t\t\t\t\t<div class=\"elementor-element elementor-element-19d157e elementor-widget elementor-widget-pt_title\" data-id=\"19d157e\" data-element_type=\"widget\" data-widget_type=\"pt_title.default\">\n\t\t\t\t<div class=\"elementor-widget-container\">\n\t\t\t\n        <div class=\"pt-title-wrap\">\t            <div class=\"pt-subtitle-wrap\"><span class=\"pt-subtitle style-bordered\">gaetana<\/span><\/div>\t            <h5 class=\"pt-title color-white\">\n\t                About us\t            <\/h5>\t            <div class=\"pt-title-text\">\n\t                <p>To offer a complete experience and for every customer who crosses our threshold to feel closer to Italy and the specific air of the place, <em>Gaetana <\/em>enjoys the skill of two chefs and an executive chef, all 3 with over 10 years of experience in Italian cuisine. Executive sharing <em>passione per la cucina<\/em> over 20 years in Italy, Milan to be exact.<\/p><p>With more than 80% of ingredients of Italian origin, a decor inspired by the south of Italy, natural colors reminiscent of this area, where the climate is a little more arid, and with the live music - we want to stay authentic! From the cooking technique to the restaurant experience, we offer products and services of at least the same quality as in Italy's top restaurants.<\/p>\t            <\/div>        <\/div>\t\t<\/div>\n\t\t\t\t<\/div>\n\t\t\t\t\t<\/div>\n\t\t<\/div>\n\t\t\t\t\t\t\t<\/div>\n\t\t<\/section>\n\t\t\t\t\t\t\t<\/div>","protected":false},"excerpt":{"rendered":"<p>Gaetana Despre noi Gaetana Inspiratie Cu circa 21.000 locuitori, aflat \u00eentre Roma &#8230;<\/p>","protected":false},"author":3,"featured_media":0,"parent":0,"menu_order":0,"comment_status":"closed","ping_status":"closed","template":"template-fullwidth.php","meta":{"patiotime_single_page_hide_site_header":"","patiotime_single_page_site_header_source":"","patiotime_single_page_custom_site_header":"","patiotime_single_page_custom_sticky_site_header":"","patiotime_single_page_hide_page_title":"on","patiotime_single_page_header_section_size":"","patiotime_single_page_header_background_color":"","patiotime_single_page_header_background_position_x":"center","patiotime_single_page_header_background_position_y":"center","patiotime_single_page_header_background_size":"cover","patiotime_single_page_header_background_repeat":"off","patiotime_single_page_header_background_scroll":"on","patiotime_single_page_header_text_color":"","patiotime_single_page_header_show_breadcrumb":"","patiotime_single_page_site_footer_hide_main":"","patiotime_single_custom_site_footer_main_source":"","patiotime_single_custom_site_footer_main":"","patiotime_single_page_site_footer_hide_above":"","patiotime_single_custom_site_footer_above_source":"","patiotime_single_custom_site_footer_above":"","patiotime_single_page_site_footer_hide_instagram":"","patiotime_single_page_site_footer_hide_bottom":"","patiotime_single_custom_mobile_menu_source":"","patiotime_single_custom_mobile_menu":"","patiotime_single_custom_mobile_menu_animation":"","patiotime_single_custom_mobile_menu_width":"","patiotime_single_custom_mobile_menu_custom_width":375},"yoast_head":"<!-- This site is optimized with the Yoast SEO plugin v19.12 - https:\/\/yoast.com\/wordpress\/plugins\/seo\/ -->\n<title>Despre noi - Gaetana Italian Restaurant<\/title>\n<meta name=\"robots\" content=\"index, follow, max-snippet:-1, max-image-preview:large, max-video-preview:-1\" \/>\n<link rel=\"canonical\" href=\"https:\/\/gaetana.ro\/en\/despre-noi\/\" \/>\n<meta property=\"og:locale\" content=\"en_US\" \/>\n<meta property=\"og:type\" content=\"article\" \/>\n<meta property=\"og:title\" content=\"Despre noi - Gaetana Italian Restaurant\" \/>\n<meta property=\"og:description\" content=\"Gaetana Despre noi Gaetana Inspiratie Cu circa 21.000 locuitori, aflat \u00eentre Roma ...\" \/>\n<meta property=\"og:url\" content=\"https:\/\/gaetana.ro\/en\/despre-noi\/\" \/>\n<meta property=\"og:site_name\" content=\"Gaetana Italian Restaurant\" \/>\n<meta property=\"article:modified_time\" content=\"2024-06-17T08:06:52+00:00\" \/>\n<meta property=\"og:image\" content=\"https:\/\/gaetana.ro\/wp-content\/uploads\/2023\/01\/Gaeta_view.jpg\" \/>\n<meta name=\"twitter:card\" content=\"summary_large_image\" \/>\n<meta name=\"twitter:label1\" content=\"Est. reading time\" \/>\n\t<meta name=\"twitter:data1\" content=\"3 minutes\" \/>\n<script type=\"application\/ld+json\" class=\"yoast-schema-graph\">{\"@context\":\"https:\/\/schema.org\",\"@graph\":[{\"@type\":\"WebPage\",\"@id\":\"https:\/\/gaetana.ro\/despre-noi\/\",\"url\":\"https:\/\/gaetana.ro\/despre-noi\/\",\"name\":\"Despre noi - Gaetana Italian Restaurant\",\"isPartOf\":{\"@id\":\"https:\/\/gaetana.ro\/#website\"},\"datePublished\":\"2022-11-23T15:48:50+00:00\",\"dateModified\":\"2024-06-17T08:06:52+00:00\",\"breadcrumb\":{\"@id\":\"https:\/\/gaetana.ro\/despre-noi\/#breadcrumb\"},\"inLanguage\":\"en-US\",\"potentialAction\":[{\"@type\":\"ReadAction\",\"target\":[\"https:\/\/gaetana.ro\/despre-noi\/\"]}]},{\"@type\":\"BreadcrumbList\",\"@id\":\"https:\/\/gaetana.ro\/despre-noi\/#breadcrumb\",\"itemListElement\":[{\"@type\":\"ListItem\",\"position\":1,\"name\":\"Home\",\"item\":\"https:\/\/gaetana.ro\/\"},{\"@type\":\"ListItem\",\"position\":2,\"name\":\"Despre noi\"}]},{\"@type\":\"WebSite\",\"@id\":\"https:\/\/gaetana.ro\/#website\",\"url\":\"https:\/\/gaetana.ro\/\",\"name\":\"Gaetana Italian Restaurant\",\"description\":\"Aici, arta culinar\u0103 italian\u0103 tradi\u021bional\u0103 cap\u0103t\u0103 abord\u0103ri futuriste!\",\"publisher\":{\"@id\":\"https:\/\/gaetana.ro\/#organization\"},\"potentialAction\":[{\"@type\":\"SearchAction\",\"target\":{\"@type\":\"EntryPoint\",\"urlTemplate\":\"https:\/\/gaetana.ro\/?s={search_term_string}\"},\"query-input\":\"required name=search_term_string\"}],\"inLanguage\":\"en-US\"},{\"@type\":\"Organization\",\"@id\":\"https:\/\/gaetana.ro\/#organization\",\"name\":\"Gaetana Italian Restaurant\",\"url\":\"https:\/\/gaetana.ro\/\",\"logo\":{\"@type\":\"ImageObject\",\"inLanguage\":\"en-US\",\"@id\":\"https:\/\/gaetana.ro\/#\/schema\/logo\/image\/\",\"url\":\"https:\/\/gaetana.ro\/wp-content\/uploads\/2022\/07\/favicon-1.svg\",\"contentUrl\":\"https:\/\/gaetana.ro\/wp-content\/uploads\/2022\/07\/favicon-1.svg\",\"width\":161,\"height\":161,\"caption\":\"Gaetana Italian Restaurant\"},\"image\":{\"@id\":\"https:\/\/gaetana.ro\/#\/schema\/logo\/image\/\"}}]}<\/script>\n<!-- \/ Yoast SEO plugin. -->","yoast_head_json":{"title":"Despre noi - Gaetana Italian Restaurant","robots":{"index":"index","follow":"follow","max-snippet":"max-snippet:-1","max-image-preview":"max-image-preview:large","max-video-preview":"max-video-preview:-1"},"canonical":"https:\/\/gaetana.ro\/en\/despre-noi\/","og_locale":"en_US","og_type":"article","og_title":"Despre noi - Gaetana Italian Restaurant","og_description":"Gaetana Despre noi Gaetana Inspiratie Cu circa 21.000 locuitori, aflat \u00eentre Roma ...","og_url":"https:\/\/gaetana.ro\/en\/despre-noi\/","og_site_name":"Gaetana Italian Restaurant","article_modified_time":"2024-06-17T08:06:52+00:00","og_image":[{"url":"https:\/\/gaetana.ro\/wp-content\/uploads\/2023\/01\/Gaeta_view.jpg"}],"twitter_card":"summary_large_image","twitter_misc":{"Est. reading time":"3 minutes"},"schema":{"@context":"https:\/\/schema.org","@graph":[{"@type":"WebPage","@id":"https:\/\/gaetana.ro\/despre-noi\/","url":"https:\/\/gaetana.ro\/despre-noi\/","name":"Despre noi - Gaetana Italian Restaurant","isPartOf":{"@id":"https:\/\/gaetana.ro\/#website"},"datePublished":"2022-11-23T15:48:50+00:00","dateModified":"2024-06-17T08:06:52+00:00","breadcrumb":{"@id":"https:\/\/gaetana.ro\/despre-noi\/#breadcrumb"},"inLanguage":"en-US","potentialAction":[{"@type":"ReadAction","target":["https:\/\/gaetana.ro\/despre-noi\/"]}]},{"@type":"BreadcrumbList","@id":"https:\/\/gaetana.ro\/despre-noi\/#breadcrumb","itemListElement":[{"@type":"ListItem","position":1,"name":"Home","item":"https:\/\/gaetana.ro\/"},{"@type":"ListItem","position":2,"name":"Despre noi"}]},{"@type":"WebSite","@id":"https:\/\/gaetana.ro\/#website","url":"https:\/\/gaetana.ro\/","name":"Gaetana Italian Restaurant","description":"Aici, arta culinar\u0103 italian\u0103 tradi\u021bional\u0103 cap\u0103t\u0103 abord\u0103ri futuriste!","publisher":{"@id":"https:\/\/gaetana.ro\/#organization"},"potentialAction":[{"@type":"SearchAction","target":{"@type":"EntryPoint","urlTemplate":"https:\/\/gaetana.ro\/?s={search_term_string}"},"query-input":"required name=search_term_string"}],"inLanguage":"en-US"},{"@type":"Organization","@id":"https:\/\/gaetana.ro\/#organization","name":"Gaetana Italian Restaurant","url":"https:\/\/gaetana.ro\/","logo":{"@type":"ImageObject","inLanguage":"en-US","@id":"https:\/\/gaetana.ro\/#\/schema\/logo\/image\/","url":"https:\/\/gaetana.ro\/wp-content\/uploads\/2022\/07\/favicon-1.svg","contentUrl":"https:\/\/gaetana.ro\/wp-content\/uploads\/2022\/07\/favicon-1.svg","width":161,"height":161,"caption":"Gaetana Italian Restaurant"},"image":{"@id":"https:\/\/gaetana.ro\/#\/schema\/logo\/image\/"}}]}},"_links":{"self":[{"href":"https:\/\/gaetana.ro\/en\/wp-json\/wp\/v2\/pages\/6706"}],"collection":[{"href":"https:\/\/gaetana.ro\/en\/wp-json\/wp\/v2\/pages"}],"about":[{"href":"https:\/\/gaetana.ro\/en\/wp-json\/wp\/v2\/types\/page"}],"author":[{"embeddable":true,"href":"https:\/\/gaetana.ro\/en\/wp-json\/wp\/v2\/users\/3"}],"replies":[{"embeddable":true,"href":"https:\/\/gaetana.ro\/en\/wp-json\/wp\/v2\/comments?post=6706"}],"version-history":[{"count":79,"href":"https:\/\/gaetana.ro\/en\/wp-json\/wp\/v2\/pages\/6706\/revisions"}],"predecessor-version":[{"id":10464,"href":"https:\/\/gaetana.ro\/en\/wp-json\/wp\/v2\/pages\/6706\/revisions\/10464"}],"wp:attachment":[{"href":"https:\/\/gaetana.ro\/en\/wp-json\/wp\/v2\/media?parent=6706"}],"curies":[{"name":"wp","href":"https:\/\/api.w.org\/{rel}","templated":true}]}}